{"id":87,"date":"2023-08-29T17:25:37","date_gmt":"2023-08-29T15:25:37","guid":{"rendered":"https:\/\/johanneum.biz\/trauerbegleitung\/?page_id=87"},"modified":"2023-10-07T10:10:28","modified_gmt":"2023-10-07T08:10:28","slug":"selbstbetimmung-auch-in-der-letzten-feier","status":"publish","type":"page","link":"https:\/\/johanneum.biz\/trauerbegleitung\/selbstbetimmung-auch-in-der-letzten-feier\/","title":{"rendered":"Selbstbestimmung &#8211; auch in der letzten Feier"},"content":{"rendered":"\n<p class=\"has-drop-cap\">Den Angeh\u00f6rigen Trauer zu erm\u00f6glichen hei\u00dft,<br>ihnen ein letztes Geschenk<br>zukommen zu lassen:<br>Zeit, um frei f\u00fcr die Gef\u00fchle zu sein.<\/p>\n\n\n\n<p>Wenn im schlimmsten Fall bei einer Trauerfeier nur der Name und der Todestag ge\u00e4ndert wird,<br>dann kann bei Ihren geliebten Angeh\u00f6rigen nicht das ankommen,<br>was Sie in Ihrem Leben ausgemacht hat und was Sie sich f\u00fcr die, welche Sie zur\u00fccklassen m\u00fcssen, w\u00fcnschen.<\/p>\n\n\n\n<p><\/p>\n\n\n\n<p><\/p>\n\n\n<div class=\"wp-block-image\">\n<figure class=\"aligncenter size-large\"><img loading=\"lazy\" decoding=\"async\" width=\"1024\" height=\"626\" src=\"https:\/\/johanneum.biz\/trauerbegleitung\/wp-content\/uploads\/sites\/3\/2023\/08\/K1600_Johanneum-Trauerbegleitung-8-1024x626.jpg\" alt=\"\" class=\"wp-image-88\" srcset=\"https:\/\/johanneum.biz\/trauerbegleitung\/wp-content\/uploads\/sites\/3\/2023\/08\/K1600_Johanneum-Trauerbegleitung-8-1024x626.jpg 1024w, https:\/\/johanneum.biz\/trauerbegleitung\/wp-content\/uploads\/sites\/3\/2023\/08\/K1600_Johanneum-Trauerbegleitung-8-300x183.jpg 300w, https:\/\/johanneum.biz\/trauerbegleitung\/wp-content\/uploads\/sites\/3\/2023\/08\/K1600_Johanneum-Trauerbegleitung-8-768x469.jpg 768w, https:\/\/johanneum.biz\/trauerbegleitung\/wp-content\/uploads\/sites\/3\/2023\/08\/K1600_Johanneum-Trauerbegleitung-8-1536x939.jpg 1536w, https:\/\/johanneum.biz\/trauerbegleitung\/wp-content\/uploads\/sites\/3\/2023\/08\/K1600_Johanneum-Trauerbegleitung-8-150x92.jpg 150w, https:\/\/johanneum.biz\/trauerbegleitung\/wp-content\/uploads\/sites\/3\/2023\/08\/K1600_Johanneum-Trauerbegleitung-8.jpg 1963w\" sizes=\"(max-width: 1024px) 100vw, 1024px\" \/><\/figure><\/div>\n\n\n<p><\/p>\n\n\n\n<p>Kommen Sie mit uns ins Gespr\u00e4ch \u00fcber Ihr Leben und Ihre W\u00fcnsche f\u00fcr die Trauerfeier, und zwar auch dann, wenn Sie &#8222;nur&#8220; die Vorstellung beseelt, einen w\u00fcrdevollen und trostspendenden Abschied haben zu wollen.<\/p>\n\n\n\n<p>Als Konkretisierung Ihrer W\u00fcnsche und Vorstellungen erhalten Sie dann f\u00fcr Ihre Angeh\u00f6rigen eine ausgearbeitete Trauerfeier, in der Sie sich wiederfinden k\u00f6nnen.<\/p>\n","protected":false},"excerpt":{"rendered":"<p>Den Angeh\u00f6rigen Trauer zu erm\u00f6glichen hei\u00dft,ihnen ein letztes Geschenkzukommen zu lassen:Zeit, um frei f\u00fcr die Gef\u00fchle zu sein. Wenn im schlimmsten Fall bei einer Trauerfeier nur der Name und der Todestag ge\u00e4ndert wird,dann kann bei Ihren geliebten Angeh\u00f6rigen nicht das ankommen,was Sie in Ihrem Leben ausgemacht hat und was Sie&#8230;<\/p>\n<p> <a class=\"continue-reading-link\" href=\"https:\/\/johanneum.biz\/trauerbegleitung\/selbstbetimmung-auch-in-der-letzten-feier\/\"><span>&#8230;weiterlesen<\/span><i class=\"crycon-right-dir\"><\/i><\/a> <\/p>\n","protected":false},"author":1,"featured_media":0,"parent":0,"menu_order":0,"comment_status":"closed","ping_status":"closed","template":"","meta":{"_coblocks_attr":"","_coblocks_dimensions":"","_coblocks_responsive_height":"","_coblocks_accordion_ie_support":"","footnotes":""},"_links":{"self":[{"href":"https:\/\/johanneum.biz\/trauerbegleitung\/wp-json\/wp\/v2\/pages\/87"}],"collection":[{"href":"https:\/\/johanneum.biz\/trauerbegleitung\/wp-json\/wp\/v2\/pages"}],"about":[{"href":"https:\/\/johanneum.biz\/trauerbegleitung\/wp-json\/wp\/v2\/types\/page"}],"author":[{"embeddable":true,"href":"https:\/\/johanneum.biz\/trauerbegleitung\/wp-json\/wp\/v2\/users\/1"}],"replies":[{"embeddable":true,"href":"https:\/\/johanneum.biz\/trauerbegleitung\/wp-json\/wp\/v2\/comments?post=87"}],"version-history":[{"count":7,"href":"https:\/\/johanneum.biz\/trauerbegleitung\/wp-json\/wp\/v2\/pages\/87\/revisions"}],"predecessor-version":[{"id":111,"href":"https:\/\/johanneum.biz\/trauerbegleitung\/wp-json\/wp\/v2\/pages\/87\/revisions\/111"}],"wp:attachment":[{"href":"https:\/\/johanneum.biz\/trauerbegleitung\/wp-json\/wp\/v2\/media?parent=87"}],"curies":[{"name":"wp","href":"https:\/\/api.w.org\/{rel}","templated":true}]}}