{"id":74,"date":"2023-08-29T17:09:22","date_gmt":"2023-08-29T15:09:22","guid":{"rendered":"https:\/\/johanneum.biz\/trauerbegleitung\/?page_id=74"},"modified":"2023-08-29T17:18:05","modified_gmt":"2023-08-29T15:18:05","slug":"weltliche-abschiedsfeier","status":"publish","type":"page","link":"https:\/\/johanneum.biz\/trauerbegleitung\/weltliche-abschiedsfeier\/","title":{"rendered":"Weltliche Abschiedsfeier"},"content":{"rendered":"\n<div class=\"wp-block-media-text has-media-on-the-right is-stacked-on-mobile\"><div class=\"wp-block-media-text__content\">\n<p class=\"has-text-align-center\" id=\"block-ca8054f5-d9e4-45d7-8a31-994b8621e29e\" style=\"font-size:18px\"><em>Wir sind alle nur Besucher<\/em><br><em>auf dieser Welt<\/em><br><em>und zu dieser Zeit.<br>Unsere Seelen<\/em><br><em>sind nur auf der Durchreise.<br>Unsere Aufgabe<\/em><br><em>hier ist es zu beobachten,<br>zu lernen,<\/em><br><em>zu wachsen,<\/em><br><em>zu lieben<br>und dann wieder<\/em><br><em>nach Hause zu gehen.<\/em><\/p>\n\n\n\n<p class=\"has-text-align-center\" id=\"block-ca8054f5-d9e4-45d7-8a31-994b8621e29e\" style=\"font-size:14px\"><br>Weisheit der Aborigines<\/p>\n\n\n\n<p class=\"has-text-align-center\"><\/p>\n<\/div><figure class=\"wp-block-media-text__media\"><img loading=\"lazy\" decoding=\"async\" width=\"696\" height=\"1024\" src=\"https:\/\/johanneum.biz\/trauerbegleitung\/wp-content\/uploads\/sites\/3\/2023\/08\/K1600_Johanneum-Trauerbegleitung-6-HR-696x1024.jpg\" alt=\"\" class=\"wp-image-75 size-full\" srcset=\"https:\/\/johanneum.biz\/trauerbegleitung\/wp-content\/uploads\/sites\/3\/2023\/08\/K1600_Johanneum-Trauerbegleitung-6-HR-696x1024.jpg 696w, https:\/\/johanneum.biz\/trauerbegleitung\/wp-content\/uploads\/sites\/3\/2023\/08\/K1600_Johanneum-Trauerbegleitung-6-HR-204x300.jpg 204w, https:\/\/johanneum.biz\/trauerbegleitung\/wp-content\/uploads\/sites\/3\/2023\/08\/K1600_Johanneum-Trauerbegleitung-6-HR-768x1130.jpg 768w, https:\/\/johanneum.biz\/trauerbegleitung\/wp-content\/uploads\/sites\/3\/2023\/08\/K1600_Johanneum-Trauerbegleitung-6-HR-1044x1536.jpg 1044w, https:\/\/johanneum.biz\/trauerbegleitung\/wp-content\/uploads\/sites\/3\/2023\/08\/K1600_Johanneum-Trauerbegleitung-6-HR-102x150.jpg 102w, https:\/\/johanneum.biz\/trauerbegleitung\/wp-content\/uploads\/sites\/3\/2023\/08\/K1600_Johanneum-Trauerbegleitung-6-HR.jpg 1200w\" sizes=\"(max-width: 696px) 100vw, 696px\" \/><\/figure><\/div>\n\n\n\n<p> <\/p>\n\n\n\n<p class=\"has-drop-cap\">F\u00fcr die weltliche Abschiedsfeier gibt es keine Grundformen, an denen man sich orientieren kann. Die Planung des Ablaufs der Feier, der Auswahl der Meditationstexte, der Verkn\u00fcpfung mit den individuellen Musikw\u00fcnschen erfolgt je nach Situation des Trauerfalls.<br>Selbstverst\u00e4ndlich erfolgt auch in diesem Fall zur Vorbereitung der Trauerfeier ein Gespr\u00e4ch vor Ort bei den Angeh\u00f6rigen.<\/p>\n","protected":false},"excerpt":{"rendered":"<p>Wir sind alle nur Besucherauf dieser Weltund zu dieser Zeit.Unsere Seelensind nur auf der Durchreise.Unsere Aufgabehier ist es zu beobachten,zu lernen,zu wachsen,zu liebenund dann wiedernach Hause zu gehen. Weisheit der Aborigines F\u00fcr die weltliche Abschiedsfeier gibt es keine Grundformen, an denen man sich orientieren kann. Die Planung des Ablaufs der&#8230;<\/p>\n<p> <a class=\"continue-reading-link\" href=\"https:\/\/johanneum.biz\/trauerbegleitung\/weltliche-abschiedsfeier\/\"><span>&#8230;weiterlesen<\/span><i class=\"crycon-right-dir\"><\/i><\/a> <\/p>\n","protected":false},"author":1,"featured_media":0,"parent":0,"menu_order":0,"comment_status":"closed","ping_status":"closed","template":"","meta":{"_coblocks_attr":"","_coblocks_dimensions":"","_coblocks_responsive_height":"","_coblocks_accordion_ie_support":"","footnotes":""},"_links":{"self":[{"href":"https:\/\/johanneum.biz\/trauerbegleitung\/wp-json\/wp\/v2\/pages\/74"}],"collection":[{"href":"https:\/\/johanneum.biz\/trauerbegleitung\/wp-json\/wp\/v2\/pages"}],"about":[{"href":"https:\/\/johanneum.biz\/trauerbegleitung\/wp-json\/wp\/v2\/types\/page"}],"author":[{"embeddable":true,"href":"https:\/\/johanneum.biz\/trauerbegleitung\/wp-json\/wp\/v2\/users\/1"}],"replies":[{"embeddable":true,"href":"https:\/\/johanneum.biz\/trauerbegleitung\/wp-json\/wp\/v2\/comments?post=74"}],"version-history":[{"count":7,"href":"https:\/\/johanneum.biz\/trauerbegleitung\/wp-json\/wp\/v2\/pages\/74\/revisions"}],"predecessor-version":[{"id":86,"href":"https:\/\/johanneum.biz\/trauerbegleitung\/wp-json\/wp\/v2\/pages\/74\/revisions\/86"}],"wp:attachment":[{"href":"https:\/\/johanneum.biz\/trauerbegleitung\/wp-json\/wp\/v2\/media?parent=74"}],"curies":[{"name":"wp","href":"https:\/\/api.w.org\/{rel}","templated":true}]}}