{"id":71,"date":"2023-08-29T17:04:01","date_gmt":"2023-08-29T15:04:01","guid":{"rendered":"https:\/\/johanneum.biz\/trauerbegleitung\/?page_id=71"},"modified":"2023-08-29T17:09:48","modified_gmt":"2023-08-29T15:09:48","slug":"christliche-abschiedsfeier","status":"publish","type":"page","link":"https:\/\/johanneum.biz\/trauerbegleitung\/christliche-abschiedsfeier\/","title":{"rendered":"Christliche Abschiedsfeier"},"content":{"rendered":"\n<div class=\"wp-block-media-text has-media-on-the-right is-stacked-on-mobile\"><div class=\"wp-block-media-text__content\">\n<p class=\"has-drop-cap\">Die christliche Abschiedsfeier zeigt Wege der Trauerbegleitung, die es gilt, in jedem Fall individuell auszugestalten.<br>Zur Vorbereitung der Trauerfeier erfolgt ein Gespr\u00e4ch, um das Leben und den letzten Wunsch des verstorbenen Menschen kennen zu lernen, aber auch, um die Vorstellung der Angeh\u00f6rigen mit einzubeziehen.<br>Dies ist die Grundlage, um einen entsprechenden Bezug in der Bibel herstellen zu k\u00f6nnen, der die Lebenswirklichkeit des verstorbenen Menschen wiedergibt. Wichtig ist es auch, dass bei der Trauerfeier die Musik zum Tragen kommt, welche die Gef\u00fchle des verstorbenen Menschen und der Angeh\u00f6rigen auff\u00e4ngt und sinnlich n\u00e4herbringt.<\/p>\n<\/div><figure class=\"wp-block-media-text__media\"><img loading=\"lazy\" decoding=\"async\" width=\"1024\" height=\"838\" src=\"https:\/\/johanneum.biz\/trauerbegleitung\/wp-content\/uploads\/sites\/3\/2023\/08\/Johanneum-Trauerbegleitung-5-CR-1024x838.jpg\" alt=\"\" class=\"wp-image-67 size-full\" srcset=\"https:\/\/johanneum.biz\/trauerbegleitung\/wp-content\/uploads\/sites\/3\/2023\/08\/Johanneum-Trauerbegleitung-5-CR-1024x838.jpg 1024w, https:\/\/johanneum.biz\/trauerbegleitung\/wp-content\/uploads\/sites\/3\/2023\/08\/Johanneum-Trauerbegleitung-5-CR-300x246.jpg 300w, https:\/\/johanneum.biz\/trauerbegleitung\/wp-content\/uploads\/sites\/3\/2023\/08\/Johanneum-Trauerbegleitung-5-CR-768x629.jpg 768w, https:\/\/johanneum.biz\/trauerbegleitung\/wp-content\/uploads\/sites\/3\/2023\/08\/Johanneum-Trauerbegleitung-5-CR-1536x1257.jpg 1536w, https:\/\/johanneum.biz\/trauerbegleitung\/wp-content\/uploads\/sites\/3\/2023\/08\/Johanneum-Trauerbegleitung-5-CR-2048x1676.jpg 2048w, https:\/\/johanneum.biz\/trauerbegleitung\/wp-content\/uploads\/sites\/3\/2023\/08\/Johanneum-Trauerbegleitung-5-CR-150x123.jpg 150w\" sizes=\"(max-width: 1024px) 100vw, 1024px\" \/><\/figure><\/div>\n","protected":false},"excerpt":{"rendered":"<p>Die christliche Abschiedsfeier zeigt Wege der Trauerbegleitung, die es gilt, in jedem Fall individuell auszugestalten.Zur Vorbereitung der Trauerfeier erfolgt ein Gespr\u00e4ch, um das Leben und den letzten Wunsch des verstorbenen Menschen kennen zu lernen, aber auch, um die Vorstellung der Angeh\u00f6rigen mit einzubeziehen.Dies ist die Grundlage, um einen entsprechenden Bezug&#8230;<\/p>\n<p> <a class=\"continue-reading-link\" href=\"https:\/\/johanneum.biz\/trauerbegleitung\/christliche-abschiedsfeier\/\"><span>&#8230;weiterlesen<\/span><i class=\"crycon-right-dir\"><\/i><\/a> <\/p>\n","protected":false},"author":1,"featured_media":0,"parent":0,"menu_order":0,"comment_status":"closed","ping_status":"closed","template":"","meta":{"_coblocks_attr":"","_coblocks_dimensions":"","_coblocks_responsive_height":"","_coblocks_accordion_ie_support":"","footnotes":""},"_links":{"self":[{"href":"https:\/\/johanneum.biz\/trauerbegleitung\/wp-json\/wp\/v2\/pages\/71"}],"collection":[{"href":"https:\/\/johanneum.biz\/trauerbegleitung\/wp-json\/wp\/v2\/pages"}],"about":[{"href":"https:\/\/johanneum.biz\/trauerbegleitung\/wp-json\/wp\/v2\/types\/page"}],"author":[{"embeddable":true,"href":"https:\/\/johanneum.biz\/trauerbegleitung\/wp-json\/wp\/v2\/users\/1"}],"replies":[{"embeddable":true,"href":"https:\/\/johanneum.biz\/trauerbegleitung\/wp-json\/wp\/v2\/comments?post=71"}],"version-history":[{"count":2,"href":"https:\/\/johanneum.biz\/trauerbegleitung\/wp-json\/wp\/v2\/pages\/71\/revisions"}],"predecessor-version":[{"id":77,"href":"https:\/\/johanneum.biz\/trauerbegleitung\/wp-json\/wp\/v2\/pages\/71\/revisions\/77"}],"wp:attachment":[{"href":"https:\/\/johanneum.biz\/trauerbegleitung\/wp-json\/wp\/v2\/media?parent=71"}],"curies":[{"name":"wp","href":"https:\/\/api.w.org\/{rel}","templated":true}]}}