{"id":47,"date":"2023-08-29T15:42:34","date_gmt":"2023-08-29T13:42:34","guid":{"rendered":"https:\/\/johanneum.biz\/trauerbegleitung\/?page_id=47"},"modified":"2023-08-29T15:45:04","modified_gmt":"2023-08-29T13:45:04","slug":"tod-teil-des-lebens","status":"publish","type":"page","link":"https:\/\/johanneum.biz\/trauerbegleitung\/tod-teil-des-lebens\/","title":{"rendered":"Tod &#8211; Teil des Lebens"},"content":{"rendered":"\n<div class=\"wp-block-media-text has-media-on-the-right is-stacked-on-mobile\" style=\"grid-template-columns:auto 47%\"><div class=\"wp-block-media-text__content\">\n<p style=\"font-style:normal;font-weight:300\"><em>Nichts ber\u00fchrt unser Leben tiefer,<br>als einen geliebten Menschen zu verlieren.<\/em><\/p>\n\n\n\n<p style=\"font-style:normal;font-weight:300\"><em>Die Trauer fordert uns bis an die Grenzen heraus,<br>aber sie gibt uns auch die M\u00f6glichkeit zu wachsen,<br>uns zu wandeln,<br>ein St\u00fcck reicher und reifer zu werden.<\/em><\/p>\n\n\n\n<p style=\"font-style:normal;font-weight:300\"><em>Die Zeit kann nicht alle Wunden heilen,<br>aber sie nimmt der Trauer die scharfen Kanten.<\/em><\/p>\n\n\n\n<p style=\"font-style:normal;font-weight:300\"><em>Und eines Tages werden wir beim Erwachen<br>nicht zuerst den Verlust sp\u00fcren,<br>sondern eine warme Dankbarkeit daf\u00fcr,<br>dass wir ein St\u00fcck Lebensweg<br>miteinander gehen durften.<\/em><\/p>\n<\/div><figure class=\"wp-block-media-text__media\"><img loading=\"lazy\" decoding=\"async\" width=\"1024\" height=\"768\" src=\"https:\/\/johanneum.biz\/trauerbegleitung\/wp-content\/uploads\/sites\/3\/2023\/08\/K1600_Johanneum-Trauerbegleitung-3-TTDL-1024x768.jpg\" alt=\"\" class=\"wp-image-48 size-full\" srcset=\"https:\/\/johanneum.biz\/trauerbegleitung\/wp-content\/uploads\/sites\/3\/2023\/08\/K1600_Johanneum-Trauerbegleitung-3-TTDL-1024x768.jpg 1024w, https:\/\/johanneum.biz\/trauerbegleitung\/wp-content\/uploads\/sites\/3\/2023\/08\/K1600_Johanneum-Trauerbegleitung-3-TTDL-300x225.jpg 300w, https:\/\/johanneum.biz\/trauerbegleitung\/wp-content\/uploads\/sites\/3\/2023\/08\/K1600_Johanneum-Trauerbegleitung-3-TTDL-768x576.jpg 768w, https:\/\/johanneum.biz\/trauerbegleitung\/wp-content\/uploads\/sites\/3\/2023\/08\/K1600_Johanneum-Trauerbegleitung-3-TTDL-1536x1152.jpg 1536w, https:\/\/johanneum.biz\/trauerbegleitung\/wp-content\/uploads\/sites\/3\/2023\/08\/K1600_Johanneum-Trauerbegleitung-3-TTDL-150x113.jpg 150w, https:\/\/johanneum.biz\/trauerbegleitung\/wp-content\/uploads\/sites\/3\/2023\/08\/K1600_Johanneum-Trauerbegleitung-3-TTDL.jpg 1600w\" sizes=\"(max-width: 1024px) 100vw, 1024px\" \/><\/figure><\/div>\n\n\n\n<p><\/p>\n\n\n\n<p><\/p>\n","protected":false},"excerpt":{"rendered":"<p>Nichts ber\u00fchrt unser Leben tiefer,als einen geliebten Menschen zu verlieren. Die Trauer fordert uns bis an die Grenzen heraus,aber sie gibt uns auch die M\u00f6glichkeit zu wachsen,uns zu wandeln,ein St\u00fcck reicher und reifer zu werden. Die Zeit kann nicht alle Wunden heilen,aber sie nimmt der Trauer die scharfen Kanten. Und&#8230;<\/p>\n<p> <a class=\"continue-reading-link\" href=\"https:\/\/johanneum.biz\/trauerbegleitung\/tod-teil-des-lebens\/\"><span>&#8230;weiterlesen<\/span><i class=\"crycon-right-dir\"><\/i><\/a> <\/p>\n","protected":false},"author":1,"featured_media":0,"parent":0,"menu_order":0,"comment_status":"closed","ping_status":"closed","template":"","meta":{"_coblocks_attr":"","_coblocks_dimensions":"","_coblocks_responsive_height":"","_coblocks_accordion_ie_support":"","footnotes":""},"_links":{"self":[{"href":"https:\/\/johanneum.biz\/trauerbegleitung\/wp-json\/wp\/v2\/pages\/47"}],"collection":[{"href":"https:\/\/johanneum.biz\/trauerbegleitung\/wp-json\/wp\/v2\/pages"}],"about":[{"href":"https:\/\/johanneum.biz\/trauerbegleitung\/wp-json\/wp\/v2\/types\/page"}],"author":[{"embeddable":true,"href":"https:\/\/johanneum.biz\/trauerbegleitung\/wp-json\/wp\/v2\/users\/1"}],"replies":[{"embeddable":true,"href":"https:\/\/johanneum.biz\/trauerbegleitung\/wp-json\/wp\/v2\/comments?post=47"}],"version-history":[{"count":3,"href":"https:\/\/johanneum.biz\/trauerbegleitung\/wp-json\/wp\/v2\/pages\/47\/revisions"}],"predecessor-version":[{"id":52,"href":"https:\/\/johanneum.biz\/trauerbegleitung\/wp-json\/wp\/v2\/pages\/47\/revisions\/52"}],"wp:attachment":[{"href":"https:\/\/johanneum.biz\/trauerbegleitung\/wp-json\/wp\/v2\/media?parent=47"}],"curies":[{"name":"wp","href":"https:\/\/api.w.org\/{rel}","templated":true}]}}