{"id":14,"date":"2023-08-29T13:26:05","date_gmt":"2023-08-29T11:26:05","guid":{"rendered":"https:\/\/johanneum.biz\/trauerbegleitung\/?page_id=14"},"modified":"2023-08-29T17:36:48","modified_gmt":"2023-08-29T15:36:48","slug":"dem-abschied-worte-geben","status":"publish","type":"page","link":"https:\/\/johanneum.biz\/trauerbegleitung\/","title":{"rendered":"Dem Abschied Worte geben"},"content":{"rendered":"\n<p>HERZLICH WILLKOMMEN bei der Trauerbegleitung im Johanneum<\/p>\n\n\n\n<div class=\"wp-block-media-text is-stacked-on-mobile\" style=\"grid-template-columns:60% auto\"><figure class=\"wp-block-media-text__media\"><img loading=\"lazy\" decoding=\"async\" width=\"1024\" height=\"498\" src=\"https:\/\/johanneum.biz\/trauerbegleitung\/wp-content\/uploads\/sites\/3\/2023\/08\/IMG-20230812-WA0019-1024x498.jpg\" alt=\"\" class=\"wp-image-20 size-full\" srcset=\"https:\/\/johanneum.biz\/trauerbegleitung\/wp-content\/uploads\/sites\/3\/2023\/08\/IMG-20230812-WA0019-1024x498.jpg 1024w, https:\/\/johanneum.biz\/trauerbegleitung\/wp-content\/uploads\/sites\/3\/2023\/08\/IMG-20230812-WA0019-300x146.jpg 300w, https:\/\/johanneum.biz\/trauerbegleitung\/wp-content\/uploads\/sites\/3\/2023\/08\/IMG-20230812-WA0019-768x373.jpg 768w, https:\/\/johanneum.biz\/trauerbegleitung\/wp-content\/uploads\/sites\/3\/2023\/08\/IMG-20230812-WA0019-1536x746.jpg 1536w, https:\/\/johanneum.biz\/trauerbegleitung\/wp-content\/uploads\/sites\/3\/2023\/08\/IMG-20230812-WA0019-150x73.jpg 150w, https:\/\/johanneum.biz\/trauerbegleitung\/wp-content\/uploads\/sites\/3\/2023\/08\/IMG-20230812-WA0019.jpg 1599w\" sizes=\"(max-width: 1024px) 100vw, 1024px\" \/><\/figure><div class=\"wp-block-media-text__content\">\n<p><\/p>\n\n\n\n<p style=\"font-style:normal;font-weight:300\"><em>Die Menschen, die wir lieben<br>und die von uns gehen,<br>verschwinden nicht.<br>Sie sind immer an unserer Seite&#8230;<br>Jeden Tag&#8230;<br>ungesehen&#8230;<br>ungeh\u00f6rt und dennoch<br>immer ganz nah bei uns.<br>F\u00fcr immer geliebt<br>und f\u00fcr immer vermisst,<br>bleiben sie f\u00fcr immer<br>in unseren Herzen.<\/em><\/p>\n<\/div><\/div>\n\n\n\n<div class=\"wp-block-columns is-layout-flex wp-container-core-columns-layout-1 wp-block-columns-is-layout-flex\">\n<div class=\"wp-block-column is-layout-flow wp-block-column-is-layout-flow\">\n<p><\/p>\n<\/div>\n<\/div>\n","protected":false},"excerpt":{"rendered":"<p>HERZLICH WILLKOMMEN bei der Trauerbegleitung im Johanneum Die Menschen, die wir liebenund die von uns gehen,verschwinden nicht.Sie sind immer an unserer Seite&#8230;Jeden Tag&#8230;ungesehen&#8230;ungeh\u00f6rt und dennochimmer ganz nah bei uns.F\u00fcr immer geliebtund f\u00fcr immer vermisst,bleiben sie f\u00fcr immerin unseren Herzen.<\/p>\n<p> <a class=\"continue-reading-link\" href=\"https:\/\/johanneum.biz\/trauerbegleitung\/\"><span>&#8230;weiterlesen<\/span><i class=\"crycon-right-dir\"><\/i><\/a> <\/p>\n","protected":false},"author":1,"featured_media":0,"parent":0,"menu_order":0,"comment_status":"closed","ping_status":"closed","template":"","meta":{"_coblocks_attr":"","_coblocks_dimensions":"","_coblocks_responsive_height":"","_coblocks_accordion_ie_support":"","footnotes":""},"_links":{"self":[{"href":"https:\/\/johanneum.biz\/trauerbegleitung\/wp-json\/wp\/v2\/pages\/14"}],"collection":[{"href":"https:\/\/johanneum.biz\/trauerbegleitung\/wp-json\/wp\/v2\/pages"}],"about":[{"href":"https:\/\/johanneum.biz\/trauerbegleitung\/wp-json\/wp\/v2\/types\/page"}],"author":[{"embeddable":true,"href":"https:\/\/johanneum.biz\/trauerbegleitung\/wp-json\/wp\/v2\/users\/1"}],"replies":[{"embeddable":true,"href":"https:\/\/johanneum.biz\/trauerbegleitung\/wp-json\/wp\/v2\/comments?post=14"}],"version-history":[{"count":13,"href":"https:\/\/johanneum.biz\/trauerbegleitung\/wp-json\/wp\/v2\/pages\/14\/revisions"}],"predecessor-version":[{"id":102,"href":"https:\/\/johanneum.biz\/trauerbegleitung\/wp-json\/wp\/v2\/pages\/14\/revisions\/102"}],"wp:attachment":[{"href":"https:\/\/johanneum.biz\/trauerbegleitung\/wp-json\/wp\/v2\/media?parent=14"}],"curies":[{"name":"wp","href":"https:\/\/api.w.org\/{rel}","templated":true}]}}