{"id":464,"date":"2023-09-01T20:38:22","date_gmt":"2023-09-01T18:38:22","guid":{"rendered":"https:\/\/johanneum.biz\/holzmanufaktur\/?page_id=464"},"modified":"2023-09-07T14:03:42","modified_gmt":"2023-09-07T12:03:42","slug":"holz","status":"publish","type":"page","link":"https:\/\/johanneum.biz\/holzmanufaktur\/holz\/","title":{"rendered":"Holz"},"content":{"rendered":"\n<blockquote class=\"wp-block-quote has-text-align-center is-layout-flow wp-block-quote-is-layout-flow\">\n<p class=\"has-text-align-center has-text-color has-link-color wp-elements-bc1bae5045f059b706e342bb69d5c989\" style=\"color:#bdac76\">Gl\u00fccklich, der den Tisch als Holz sehen kann,<br>den Tisch als Holz f\u00fchlen kann &#8211; der das Holz des Tisches sieht,<br>ohne dabei den Tisch zu sehen,<br>und sei es nur f\u00fcr einen Moment im Leben.<br>Danach wird er &#8222;wissen&#8220;,<br>was ein Tisch ist,<br>aber er wird sein ganzes Leben lang nicht vergessen,<br>dass er Holz ist.<br>Und er wird dann den Tisch<br>&#8211; den Tisch als Tisch &#8211;<br>noch mehr lieben.<\/p>\n<cite>Fernando Pessoa<\/cite><\/blockquote>\n\n\n\n<p> <\/p>\n\n\n\n<div style=\"height:10px\" aria-hidden=\"true\" class=\"wp-block-spacer\"><\/div>\n\n\n\n<hr class=\"wp-block-separator aligncenter has-alpha-channel-opacity is-style-wide\"\/>\n\n\n\n<div style=\"height:10px\" aria-hidden=\"true\" class=\"wp-block-spacer\"><\/div>\n\n\n\n<div class=\"wp-block-columns is-layout-flex wp-container-core-columns-layout-1 wp-block-columns-is-layout-flex\">\n<div class=\"wp-block-column is-layout-flow wp-block-column-is-layout-flow\" style=\"flex-basis:50%\">\n<p class=\"has-drop-cap\">Holz ist ein Werkstoff, der W\u00e4rme und Wohlbehagen ausstrahlt. <br>Er begleitet uns durch unser ganzes Leben:<br>Wir legen unsere Babys in Wiegen oder Weidek\u00f6rbe,<br>geben unseren Kindern Baukl\u00f6tze zum Turmbauen,<br>ein Schaukelpferd zum &#8222;Reiten&#8220;,<br>bauen Seifenkisten und Baumh\u00e4user f\u00fcr sie.<br><br>Wir verbringen einen Gro\u00dfteil unserer Lebenszeit im Bett, <br>welches sehr oft aus Holz geschreinert ist.<br>Wir sitzen auf St\u00fchlen und B\u00e4nken,<br>essen an Tischen, meist aus Holz gefertigt<br>und schmieren unser Leberwurstbrot auf Vesperbrettchen aus Holz.<br>H\u00e4user und Schiffe wurden und werden aus Holz gebaut.<br>Holz ist ein uralter Werkstoff und dennoch so modern.<br>Und doch wird er immer wieder von anderen Werkstoffen verdr\u00e4ngt.<br><br>Geben wir diesem wunderbaren Material wieder mehr Raum,<br>lassen Sie sich von meinen Werkst\u00fccken inspirieren,<br>die in meiner Holzmanufaktur entstanden sind<br>und nehmen Sie im besten Fall Kontakt zu mir auf,<br>damit wir gemeinsam Ihren Vorstellungen<br>eine greifbare Form geben k\u00f6nnen.<\/p>\n<\/div>\n\n\n\n<div class=\"wp-block-column is-layout-flow wp-block-column-is-layout-flow\" style=\"flex-basis:50%\"><div class=\"wp-block-image\">\n<figure class=\"aligncenter\"><img loading=\"lazy\" decoding=\"async\" width=\"1022\" height=\"1024\" src=\"https:\/\/johanneum.biz\/holzmanufaktur\/wp-content\/uploads\/sites\/2\/2023\/08\/Johanneum-Holzmanufaktur-Eiche-1022x1024.jpg\" alt=\"\" class=\"wp-image-103\" srcset=\"https:\/\/johanneum.biz\/holzmanufaktur\/wp-content\/uploads\/sites\/2\/2023\/08\/Johanneum-Holzmanufaktur-Eiche-1022x1024.jpg 1022w, https:\/\/johanneum.biz\/holzmanufaktur\/wp-content\/uploads\/sites\/2\/2023\/08\/Johanneum-Holzmanufaktur-Eiche-300x300.jpg 300w, https:\/\/johanneum.biz\/holzmanufaktur\/wp-content\/uploads\/sites\/2\/2023\/08\/Johanneum-Holzmanufaktur-Eiche-150x150.jpg 150w, https:\/\/johanneum.biz\/holzmanufaktur\/wp-content\/uploads\/sites\/2\/2023\/08\/Johanneum-Holzmanufaktur-Eiche-768x769.jpg 768w, https:\/\/johanneum.biz\/holzmanufaktur\/wp-content\/uploads\/sites\/2\/2023\/08\/Johanneum-Holzmanufaktur-Eiche-1534x1536.jpg 1534w, https:\/\/johanneum.biz\/holzmanufaktur\/wp-content\/uploads\/sites\/2\/2023\/08\/Johanneum-Holzmanufaktur-Eiche-2045x2048.jpg 2045w\" sizes=\"(max-width: 1022px) 100vw, 1022px\" \/><\/figure><\/div>\n\n\n<p class=\"has-text-align-center has-text-color has-link-color wp-elements-23b2e1dc033bac0a9d0975ec45b0b7ea\" style=\"color:#bdac76\"><em>Wenn es notwendig wird, auf Holz zu klopfen,<br>stellst du fest, dass die Welt<br>aus Aluminium und Vinyl besteht.<\/em><\/p>\n\n\n\n<p class=\"has-text-align-center\">Flugg\u00b4s Gesetz<\/p>\n<\/div>\n<\/div>\n\n\n\n<div style=\"height:50px\" aria-hidden=\"true\" class=\"wp-block-spacer\"><\/div>\n\n\n\n<hr class=\"wp-block-separator has-alpha-channel-opacity is-style-wide\"\/>\n\n\n\n<div style=\"height:50px\" aria-hidden=\"true\" class=\"wp-block-spacer\"><\/div>\n\n\n\n<p><em><a href=\"https:\/\/johanneum.biz\/holzmanufaktur\/naturholzmoebel-co\/\" data-type=\"link\" data-id=\"https:\/\/johanneum.biz\/holzmanufaktur\/naturholzmoebel-co\/\">Jetzt wird es aber auch mal Zeit f\u00fcr ein paar visuelle Eindr\u00fccke!<\/a><\/em><\/p>\n","protected":false},"excerpt":{"rendered":"<p>Gl\u00fccklich, der den Tisch als Holz sehen kann,den Tisch als Holz f\u00fchlen kann &#8211; der das Holz des Tisches sieht,ohne dabei den Tisch zu sehen,und sei es nur f\u00fcr einen Moment im Leben.Danach wird er &#8222;wissen&#8220;,was ein Tisch ist,aber er wird sein ganzes Leben lang nicht vergessen,dass er Holz ist.Und&#8230;<\/p>\n<p> <a class=\"continue-reading-link\" href=\"https:\/\/johanneum.biz\/holzmanufaktur\/holz\/\"><span>&#8230;weiterlesen<\/span><i class=\"crycon-right-dir\"><\/i><\/a> <\/p>\n","protected":false},"author":1,"featured_media":0,"parent":0,"menu_order":0,"comment_status":"closed","ping_status":"closed","template":"","meta":{"_coblocks_attr":"","_coblocks_dimensions":"","_coblocks_responsive_height":"","_coblocks_accordion_ie_support":"","footnotes":""},"_links":{"self":[{"href":"https:\/\/johanneum.biz\/holzmanufaktur\/wp-json\/wp\/v2\/pages\/464"}],"collection":[{"href":"https:\/\/johanneum.biz\/holzmanufaktur\/wp-json\/wp\/v2\/pages"}],"about":[{"href":"https:\/\/johanneum.biz\/holzmanufaktur\/wp-json\/wp\/v2\/types\/page"}],"author":[{"embeddable":true,"href":"https:\/\/johanneum.biz\/holzmanufaktur\/wp-json\/wp\/v2\/users\/1"}],"replies":[{"embeddable":true,"href":"https:\/\/johanneum.biz\/holzmanufaktur\/wp-json\/wp\/v2\/comments?post=464"}],"version-history":[{"count":6,"href":"https:\/\/johanneum.biz\/holzmanufaktur\/wp-json\/wp\/v2\/pages\/464\/revisions"}],"predecessor-version":[{"id":629,"href":"https:\/\/johanneum.biz\/holzmanufaktur\/wp-json\/wp\/v2\/pages\/464\/revisions\/629"}],"wp:attachment":[{"href":"https:\/\/johanneum.biz\/holzmanufaktur\/wp-json\/wp\/v2\/media?parent=464"}],"curies":[{"name":"wp","href":"https:\/\/api.w.org\/{rel}","templated":true}]}}