{"id":31,"date":"2023-08-29T09:06:47","date_gmt":"2023-08-29T07:06:47","guid":{"rendered":"https:\/\/johanneum.biz\/holzmanufaktur\/?page_id=31"},"modified":"2023-11-09T18:39:33","modified_gmt":"2023-11-09T17:39:33","slug":"hallo-welt","status":"publish","type":"page","link":"https:\/\/johanneum.biz\/holzmanufaktur\/","title":{"rendered":"Hallo Welt!"},"content":{"rendered":"\n<p>Herzlich willkommen auf der Website der Holzmanufaktur im Johanneum.<\/p>\n\n\n\n<p>Mit dieser Internetpr\u00e4senz m\u00f6chte ich Ihnen einen kleinen Einblick in meine Arbeitswelt gew\u00e4hren.<\/p>\n\n\n\n<div class=\"wp-block-columns is-layout-flex wp-container-core-columns-layout-1 wp-block-columns-is-layout-flex\">\n<div class=\"wp-block-column is-layout-flow wp-block-column-is-layout-flow\">\n<blockquote class=\"wp-block-quote is-layout-flow wp-block-quote-is-layout-flow\">\n<p class=\"has-text-align-center is-style-default has-text-color has-link-color wp-elements-4e40be4f7d7620f1688da9f5814e8381\" style=\"color:#bdac76;font-size:20px\"><em>Machen Sie es sich<\/em><br><em>mit einer Tasse Kaffee oder Tee<\/em><br><em>auf Ihrem Sofa gem\u00fctlich<\/em> <em>oder<\/em><br><em>suchen Sie sich<\/em> <em>bei Sonnenschein<\/em><br><em>ein sch\u00f6nes Pl\u00e4tzchen im Freien.<\/em><br><em>Bereit?<\/em><br><em>Dann w\u00fcnsche ich Ihnen<\/em><br><em>viel Vergn\u00fcgen<\/em> <em>beim optischen Schlendern<\/em><br><em>durch meine Website&#8230;<\/em><br><em>&#8230;und lassen Sie sich gerne<\/em><br><em>von meinen Arbeiten inspirieren. <\/em><\/p>\n<\/blockquote>\n<\/div>\n\n\n\n<div class=\"wp-block-column is-layout-flow wp-block-column-is-layout-flow\"><div class=\"wp-block-image\">\n<figure class=\"aligncenter size-large is-resized\"><img loading=\"lazy\" decoding=\"async\" width=\"1024\" height=\"877\" src=\"https:\/\/johanneum.biz\/holzmanufaktur\/wp-content\/uploads\/sites\/2\/2023\/08\/Johanneum-Holzmanufaktur-HalloWelt-1024x877.jpg\" alt=\"\" class=\"wp-image-22\" style=\"width:413px;height:auto\" srcset=\"https:\/\/johanneum.biz\/holzmanufaktur\/wp-content\/uploads\/sites\/2\/2023\/08\/Johanneum-Holzmanufaktur-HalloWelt-1024x877.jpg 1024w, https:\/\/johanneum.biz\/holzmanufaktur\/wp-content\/uploads\/sites\/2\/2023\/08\/Johanneum-Holzmanufaktur-HalloWelt-300x257.jpg 300w, https:\/\/johanneum.biz\/holzmanufaktur\/wp-content\/uploads\/sites\/2\/2023\/08\/Johanneum-Holzmanufaktur-HalloWelt-768x658.jpg 768w, https:\/\/johanneum.biz\/holzmanufaktur\/wp-content\/uploads\/sites\/2\/2023\/08\/Johanneum-Holzmanufaktur-HalloWelt-1536x1315.jpg 1536w, https:\/\/johanneum.biz\/holzmanufaktur\/wp-content\/uploads\/sites\/2\/2023\/08\/Johanneum-Holzmanufaktur-HalloWelt-2048x1754.jpg 2048w, https:\/\/johanneum.biz\/holzmanufaktur\/wp-content\/uploads\/sites\/2\/2023\/08\/Johanneum-Holzmanufaktur-HalloWelt-150x128.jpg 150w\" sizes=\"(max-width: 1024px) 100vw, 1024px\" \/><\/figure><\/div><\/div>\n<\/div>\n\n\n\n<p><\/p>\n\n\n\n<div class=\"wp-block-columns is-layout-flex wp-container-core-columns-layout-2 wp-block-columns-is-layout-flex\">\n<div class=\"wp-block-column is-layout-flow wp-block-column-is-layout-flow\">\n<figure class=\"wp-block-audio\"><audio controls src=\"https:\/\/johanneum.biz\/holzmanufaktur\/wp-content\/uploads\/sites\/2\/2023\/08\/Johanneum_Holzmanufaktur_Intro_audio-online-audio-converter.com_.mp3\"><\/audio><figcaption class=\"wp-element-caption\">Eine kleine auditive Begr\u00fc\u00dfung.<\/figcaption><\/figure>\n<\/div>\n\n\n\n<div class=\"wp-block-column is-layout-flow wp-block-column-is-layout-flow\"><\/div>\n\n\n\n<div class=\"wp-block-column is-layout-flow wp-block-column-is-layout-flow\">\n<p class=\"has-text-align-center\"><\/p>\n<\/div>\n<\/div>\n\n\n\n<p><\/p>\n\n\n\n<p><\/p>\n\n\n\n<div class=\"wp-block-group\"><div class=\"wp-block-group__inner-container is-layout-constrained wp-block-group-is-layout-constrained\">\n<p class=\"has-text-color has-link-color wp-elements-9e67ff5b32625b1384e4f65d23b51658\" style=\"color:#bdac76\"><em>Appetith\u00e4ppchen:<\/em><\/p>\n\n\n\n<p>Die nachfolgenden Seiten zeigen exemplarisch den Umfang meines bisherigen Wirkens und sind keine Artikel, die sofort lieferbar sind.<br>Vielleicht ist ja aber etwas dabei, das Sie so oder \u00e4hnlich oder auch ganz anders m\u00f6chten. Dann&#8230;<\/p>\n\n\n\n<p class=\"has-text-color has-link-color wp-elements-f63c7cc5ce4680b033a7006a10159b03\" style=\"color:#bdac76\"><em>Preise sollten aber keine Appetitz\u00fcgler sein: <\/em>\ud83d\ude09<\/p>\n\n\n\n<p>&#8230;werde ich Sie gerne beraten bzw. gemeinsam mit Ihnen Ihre Ideen und Vorstellungen besprechen und gegebenenfalls weiterentwickeln. Selbstverst\u00e4ndlich kann ich Ihnen auf Wunsch auch eingenst\u00e4ndig einen Vorschlag unterbreiten.<br>Danach erstelle ich Ihnen ein Angebot, bei dem Sie durch die Auswahl der Holzart und den Umfang des Projekts letztlich selbst die Preisgestaltung mitbestimmen.<br>Wenn Sie dann Ihr \ud83d\udc4d geben, freue ich mich, Ihr Projekt in meiner Holzmanufaktur f\u00fcr Sie greifbar machen zu d\u00fcrfen.<\/p>\n<\/div><\/div>\n\n\n\n<div style=\"height:51px\" aria-hidden=\"true\" class=\"wp-block-spacer\"><\/div>\n\n\n\n<p><em><mark style=\"background-color:rgba(0, 0, 0, 0);color:#827d6a\" class=\"has-inline-color\"><a href=\"https:\/\/johanneum.biz\/holzmanufaktur\/holz\/\" data-type=\"link\" data-id=\"https:\/\/johanneum.biz\/holzmanufaktur\/die-holzmanufaktur\/\">Auf der n\u00e4chsten Seite habe ich mir ein paar Gedanken zum Thema &#8222;Holz&#8220; gemacht.<\/a><\/mark><\/em><\/p>\n","protected":false},"excerpt":{"rendered":"<p>Herzlich willkommen auf der Website der Holzmanufaktur im Johanneum. Mit dieser Internetpr\u00e4senz m\u00f6chte ich Ihnen einen kleinen Einblick in meine Arbeitswelt gew\u00e4hren. Machen Sie es sichmit einer Tasse Kaffee oder Teeauf Ihrem Sofa gem\u00fctlich odersuchen Sie sich bei Sonnenscheinein sch\u00f6nes Pl\u00e4tzchen im Freien.Bereit?Dann w\u00fcnsche ich Ihnenviel Vergn\u00fcgen beim optischen Schlenderndurch&#8230;<\/p>\n<p> <a class=\"continue-reading-link\" href=\"https:\/\/johanneum.biz\/holzmanufaktur\/\"><span>&#8230;weiterlesen<\/span><i class=\"crycon-right-dir\"><\/i><\/a> <\/p>\n","protected":false},"author":1,"featured_media":0,"parent":0,"menu_order":1,"comment_status":"closed","ping_status":"closed","template":"","meta":{"_coblocks_attr":"","_coblocks_dimensions":"","_coblocks_responsive_height":"","_coblocks_accordion_ie_support":"","footnotes":""},"_links":{"self":[{"href":"https:\/\/johanneum.biz\/holzmanufaktur\/wp-json\/wp\/v2\/pages\/31"}],"collection":[{"href":"https:\/\/johanneum.biz\/holzmanufaktur\/wp-json\/wp\/v2\/pages"}],"about":[{"href":"https:\/\/johanneum.biz\/holzmanufaktur\/wp-json\/wp\/v2\/types\/page"}],"author":[{"embeddable":true,"href":"https:\/\/johanneum.biz\/holzmanufaktur\/wp-json\/wp\/v2\/users\/1"}],"replies":[{"embeddable":true,"href":"https:\/\/johanneum.biz\/holzmanufaktur\/wp-json\/wp\/v2\/comments?post=31"}],"version-history":[{"count":30,"href":"https:\/\/johanneum.biz\/holzmanufaktur\/wp-json\/wp\/v2\/pages\/31\/revisions"}],"predecessor-version":[{"id":848,"href":"https:\/\/johanneum.biz\/holzmanufaktur\/wp-json\/wp\/v2\/pages\/31\/revisions\/848"}],"wp:attachment":[{"href":"https:\/\/johanneum.biz\/holzmanufaktur\/wp-json\/wp\/v2\/media?parent=31"}],"curies":[{"name":"wp","href":"https:\/\/api.w.org\/{rel}","templated":true}]}}